{"id":1008,"date":"2022-07-04T06:09:15","date_gmt":"2022-07-04T06:09:15","guid":{"rendered":"https:\/\/click2selectpdf.jm-dev.com\/?page_id=1008"},"modified":"2022-07-04T07:48:48","modified_gmt":"2022-07-04T07:48:48","slug":"test","status":"publish","type":"page","link":"https:\/\/click2selectpdf.jm-dev.com\/de\/test\/","title":{"rendered":"test"},"content":{"rendered":"<p><span style=\"vertical-align: inherit;\"><span style=\"vertical-align: inherit;\"><div class=\"c2spdf-content-block\">\n                    <div class=\"c2spdf-alertbar\">Vielen Dank!<span class=\"c2spdf-alert-close\">&times;<\/span><\/div>\n                    <div class=\"c2spdf-head\">\n                        <button class=\"c2spdf-accordion\" >\n                            <div id=\"c2spdf-cart\" class=\"c2spdf-cart\" data-totalitems=\"0\">\n                                <span class=\"c2spdf-load-arrow\"><\/span>\n                                <img decoding=\"async\" src=\"https:\/\/click2selectpdf.jm-dev.com\/wp-content\/plugins\/click2selectpdf\/\/public\/css\/c2spdf-icon.png\" alt=\"pdf-icon\"\/>\n                            <\/div>\n                        <\/button>\n                        <div class=\"c2spdf-panel\">\n                            <div class=\"c2spdf-panel-body\" style=\"position:relative\">\n                                <span class=\"c2spdf-panel-close\"><img decoding=\"async\" src=\"https:\/\/click2selectpdf.jm-dev.com\/wp-content\/plugins\/click2selectpdf\/\/public\/css\/c2spdf-close-icon.png\" alt=\"X\"\/><\/span>\n                                <form id=\"c2spdf-sendMail\" class=\"c2spdf-post-request-block\" style=\"position:relative\" method=\"post\" action=\"\">\n                                <input name=\"c2spdf-nonce\" id=\"c2spdf-nonce\" type=\"hidden\" value=\"791c025148\">\n                                <input name=\"c2spdf-page-url\" id=\"c2spdf-page-url\" type=\"hidden\" value=\"https:\/\/click2selectpdf.jm-dev.com\/de\/test\/\">\n                                    <div class=\"c2spdf-panel-block1 c2spdf-inner-block\"><h3 class=\"c2spdf-heading\">H3 Test Headline<\/h3><p>Some Text Please fill out the form with your data and you get all PDF-files via email.<\/p><div class=\"c2spdf-slectedPDF\">\n                                            <ul id=\"slectedPDF\">\n                                            <\/ul>\n                                            <input type=\"hidden\" name=\"services\" id=\"c2spdf-services-pdf\" \/>\n                                        <\/div>\n                                        <div class=\"c2spdf-services-pdf-error c2spdf-error\" >*Bitte f\u00fcgen Sie Dienstleistungen hinzu.<\/div><div class=\"c2spdf-tandc\">\n                                                    <input type=\"checkbox\" name=\"terms\" id=\"terms\" \/>  \n                                                    <label>Ich akzeptiere die <a href=\"#\">Datenschutzbestimmungen<\/a> .<\/label>\n                                                    <div class=\"c2spdf-terms-error c2spdf-error\" >*Bitte aktivieren Sie das Kontrollk\u00e4stchen.<\/div>\n                                                  <\/div><\/div>\n                                             <div class=\"c2spdf-panel-block2 c2spdf-inner-block\"><h4 class=\"c2spdf-heading\">H4 \u00dcberschrift<\/h4><div class=\"c2spdf-sendPdf\">  <div class=\"fields\">\n                                                                    <input name=\"firstname\" type=\"text\" id=\"firstname\" placeholder=\"Vorname:\" \/>\n                                                                <\/div>\n                                                                <div class=\"c2spdf-firstname-error c2spdf-error\" >*Vorname darf nicht leer sein.<\/div>  <div class=\"fields\">\n                                                                    <input name=\"lastname\" type=\"text\" id=\"lastname\" placeholder=\"Nachname:\" \/>\n                                                                <\/div>  \n                                                                <div class=\"c2spdf-lastname-error c2spdf-error\" >*Nachname darf nicht leer sein.<\/div>  <div class=\"fields\">\n                                                                    <input name=\"email\" type=\"email\" id=\"email\" placeholder=\"E-Mail:\" \/>\n                                                                <\/div>  \n                                                                <div class=\"c2spdf-email-error c2spdf-error\" >*Die E-Mail muss g\u00fcltig sein.<\/div><div class=\"fields\">\n                                                                <input name=\"country\" type=\"text\" id=\"country\" placeholder=\"Land:\" \/>\n                                                              <\/div>\n                                                              <div class=\"c2spdf-country-error c2spdf-error\" >*Land darf nicht leer sein.<\/div>  <div class=\"fields\">\n                                                                    <input name=\"street\" type=\"text\" id=\"street\" placeholder=\"Stra\u00dfe:\" \/>\n                                                                <\/div>\n                                                                <div class=\"c2spdf-street-error c2spdf-error\" >*Stra\u00dfenname darf nicht leer sein.<\/div>  <div class=\"fields\">\n                                                                    <input name=\"pincode\" type=\"text\" id=\"pincode\" placeholder=\"PLZ:\" \/>\n                                                                <\/div>\n                                                                <div class=\"c2spdf-pincode-error c2spdf-error\" >*PLZ muss g\u00fcltig sein.<\/div>  <div class=\"fields\">\n                                                                    <input name=\"city\" type=\"text\" id=\"city\" placeholder=\"Ort:\" \/>\n                                                                <\/div>\n                                                                <div class=\"c2spdf-city-error c2spdf-error\" >*Stadt darf nicht leer sein.<\/div><div class=\"sendButton\">\n                                                <button class=\"c2spdf-sendMail\" type=\"button\">Send me the PDF\\\\\\'s<\/button>\n                                            <\/div>\n                                        <\/div><\/div>\n                                <input type=\"hidden\" name=\"trp-form-language\" value=\"de\"\/><\/div>\n                            <\/form>  \n                        <\/div>\n                    <\/div>\n                    <h1 class=\"c2spdf-heading\">Hallo Welt<\/h1>\n                    <div class=\"c2spdf-post-request-block c2spdf-services-list\"><div class=\"c2spdf-post-block c2spdf-inner-block th3-block\"> <img decoding=\"async\" class=\"c2spdf-img\" src=\"https:\/\/click2selectpdf.jm-dev.com\/wp-content\/uploads\/user-guide.jpg\" \/>\n                                                <h2>Benutzerhandbuch<\/h2>\n                                                <p>Lorem ipsum dolor sit amet, consetetur sadipscing elitr, sed diam nonumy eirmod tempor invidunt ut labore et dolore magna aliquyam erat, sed diam voluptua.<\/p>\n                                                <button class=\"c2spdf-addtocart\" data-pdfid=\"1053\" data-pdf=\"User Guide\">Ich m\u00f6chte dieses PDF<span class=\"c2spdf-cart-item\"><\/span><\/button>\n                                <\/div><\/div>\n                <\/div><\/span><\/span><\/p>","protected":false},"excerpt":{"rendered":"Vielen Dank!&times; H3 Test HeadlineSome Text Please fill out the form with your data and you get all PDF-files via email. *Bitte f\u00fcgen Sie Dienstleistungen hinzu. I agree to the Tearms of use Link *Bitte aktivieren Sie das Kontrollk\u00e4stchen. H4 Headline *Vorname darf nicht leer sein. *Nachname darf nicht leer sein. *Die E-Mail muss g\u00fcltig&hellip;","protected":false},"author":1,"featured_media":0,"parent":0,"menu_order":0,"comment_status":"closed","ping_status":"closed","template":"","meta":{"_acf_changed":false,"footnotes":""},"class_list":["post-1008","page","type-page","status-publish","hentry"],"acf":[],"_links":{"self":[{"href":"https:\/\/click2selectpdf.jm-dev.com\/de\/wp-json\/wp\/v2\/pages\/1008","targetHints":{"allow":["GET"]}}],"collection":[{"href":"https:\/\/click2selectpdf.jm-dev.com\/de\/wp-json\/wp\/v2\/pages"}],"about":[{"href":"https:\/\/click2selectpdf.jm-dev.com\/de\/wp-json\/wp\/v2\/types\/page"}],"author":[{"embeddable":true,"href":"https:\/\/click2selectpdf.jm-dev.com\/de\/wp-json\/wp\/v2\/users\/1"}],"replies":[{"embeddable":true,"href":"https:\/\/click2selectpdf.jm-dev.com\/de\/wp-json\/wp\/v2\/comments?post=1008"}],"version-history":[{"count":3,"href":"https:\/\/click2selectpdf.jm-dev.com\/de\/wp-json\/wp\/v2\/pages\/1008\/revisions"}],"predecessor-version":[{"id":1011,"href":"https:\/\/click2selectpdf.jm-dev.com\/de\/wp-json\/wp\/v2\/pages\/1008\/revisions\/1011"}],"wp:attachment":[{"href":"https:\/\/click2selectpdf.jm-dev.com\/de\/wp-json\/wp\/v2\/media?parent=1008"}],"curies":[{"name":"wp","href":"https:\/\/api.w.org\/{rel}","templated":true}]}}